{"id":248,"date":"2018-06-19T10:06:45","date_gmt":"2018-06-19T08:06:45","guid":{"rendered":"https:\/\/evertruststg.digidog.org\/?page_id=248"},"modified":"2024-08-26T13:15:30","modified_gmt":"2024-08-26T11:15:30","slug":"privacy-policy","status":"publish","type":"page","link":"https:\/\/evertrust.se\/en\/privacy-policy\/","title":{"rendered":"Privacy Policy"},"content":{"rendered":"<div data-elementor-type=\"wp-page\" data-elementor-id=\"248\" class=\"elementor elementor-248\" data-elementor-post-type=\"page\">\n\t\t\t\t\t\t<section class=\"elementor-section elementor-top-section elementor-element elementor-element-2f2b8eca elementor-section-boxed elementor-section-height-default elementor-section-height-default\" data-id=\"2f2b8eca\" data-element_type=\"section\">\n\t\t\t\t\t\t<div class=\"elementor-container elementor-column-gap-default\">\n\t\t\t\t\t<div class=\"elementor-column elementor-col-100 elementor-top-column elementor-element elementor-element-592d2a58\" data-id=\"592d2a58\" data-element_type=\"column\">\n\t\t\t<div class=\"elementor-widget-wrap elementor-element-populated\">\n\t\t\t\t\t\t<div class=\"elementor-element elementor-element-37567890 elementor-widget elementor-widget-text-editor\" data-id=\"37567890\" data-element_type=\"widget\" data-widget_type=\"text-editor.default\">\n\t\t\t\t<div class=\"elementor-widget-container\">\n\t\t\t\t\t\t\t\t\t<h4 class=\"elementor-heading-title elementor-size-default\">Dataskyddsspolicy<\/h4><p>V\u00e5r m\u00e5ls\u00e4ttning \u00e4r att du ska k\u00e4nna dig trygg n\u00e4r du l\u00e4mnar personuppgifter till oss. Vi vidtar d\u00e4rf\u00f6r l\u00e4mpliga \u00e5tg\u00e4rder f\u00f6r att skydda dina personuppgifter och f\u00f6r att s\u00e4ker\u00adst\u00e4lla att behandlingen sker i enlighet med g\u00e4l\u00adlande data\u00adskyddslagstiftning och v\u00e5ra interna riktlinjer och rutiner f\u00f6r hantering av personuppgifter.<\/p><p>Evertrust Consulting samlar in personuppgifter fr\u00e5n klienter eller dess f\u00f6retr\u00e4dare, samarbetspartners och konsulter, bes\u00f6kare p\u00e5 v\u00e5ra webbplatser och v\u00e5ra sociala medier. Personuppgifter \u00e4r all information som kan anv\u00e4ndas f\u00f6r att identifiera en individ eller som kan kopplas samman med en individ. Merparten av alla personuppgifter som vi samlar in l\u00e4mnas frivilligt eller inh\u00e4mtas fr\u00e5n tredje part p\u00e5 uppdrag av v\u00e5ra klienter. Viss information h\u00e4mtas automatiskt n\u00e4r du bes\u00f6ker v\u00e5ra webbplatser eller interagerar med Evertrust p\u00e5 digitala kanaler, via nyhetsbrev eller sociala medier.<\/p><p>I det f\u00f6ljande beskrivs hur vi samlar in, behandlar och delar personuppgifter i dessa fall. Nedan finns ocks\u00e5 information om de r\u00e4ttigheter som registrerade personer har i relation till oss som personuppgiftsansvarig samt v\u00e5ra kontaktuppgifter.<\/p><h4><strong>Vilka personuppgifter behandlar vi?<\/strong><\/h4><p>En stor del av v\u00e5r kommunikation sker med hj\u00e4lp av telefon, webb och e-post, vilket i princip alltid inneb\u00e4r en personuppgiftsbehandling. Genom att skicka e-postmeddelanden eller ringa till oss l\u00e4mnas i regel alltid personuppgifter som g\u00e5r att h\u00e4nf\u00f6ra till personer.<\/p><p>Vi samlar in de personuppgifter som l\u00e4mnas till oss i samband med uppdrag eller som annars behandlas n\u00e4r uppdraget f\u00f6rbereds eller administreras. I huvudsak samlar vi in personuppgifter direkt fr\u00e5n ber\u00f6rda personer, men det f\u00f6rekommer att vi i uppdrag f\u00e5r information om involverade personer utan att informationen kommer direkt fr\u00e5n dem. Vi kan \u00e4ven komma att komplettera personuppgifterna genom inh\u00e4mtning av information fr\u00e5n privata och offentliga register och k\u00e4llor. Normalt f\u00f6religger ingen skyldighet att l\u00e4mna personuppgifter till oss, men utan att det sker kan vi inte \u00e5ta oss ett uppdrag. Insamling och behandling av personuppgifter sker \u00e4ven i v\u00e5r supportorganisations verksamhet, bland annat i kontakter med leverant\u00f6rer och andra externa parter.<\/p><p>De personuppgifter vi behandlar kan r\u00f6ra kontaktuppgifter (t.ex. namn, titel, arbetsadress, telefonnummer och e-postadress), identifieringsinformation (t.ex. passuppgifter och f\u00f6delsedatum\/personnummer) samt faktureringsinformation (t.ex. kontonummer och skatteinformation). I specifika uppdrag kan personuppgifterna ocks\u00e5 avse annan information, t.ex. h\u00e4ndelsef\u00f6rlopp eller andra omst\u00e4ndigheter eller uppgifter som \u00e4r relevanta f\u00f6r uppdraget.<\/p><h4><strong>Vad \u00e4r \u00e4ndam\u00e5len med v\u00e5r behandling av personuppgifter?<\/strong><\/h4><p>Vi behandlar personuppgifter som l\u00e4mnas eller inh\u00e4mtas i samband med uppdrag f\u00f6r att vi ska kunna fullg\u00f6ra v\u00e5ra \u00e5taganden och tillvarata v\u00e5ra klienters intressen, sk\u00f6ta administrationen i samband med de uppdrag vi \u00e5tar oss samt uppfylla s\u00e5dana krav som st\u00e4lls i lag eller via branschpraxis.<\/p><p>Personuppgiftsbehandling sker ocks\u00e5 inom ramen f\u00f6r v\u00e5r supportorganisation, f\u00f6r att vi ska kunna hantera och administrera v\u00e5ra relationer med leverant\u00f6rer och andra externa parter samt bes\u00f6k vid v\u00e5ra kontor.<\/p><p>Vi kan \u00e4ven komma att anv\u00e4nda personuppgifter som underlag f\u00f6r v\u00e5ra marknads- och klientanalyser, marknadsf\u00f6ring, aff\u00e4rs- och metodutveckling samt statistik och riskhantering.<\/p><h4><strong>Vad \u00e4r den lagliga grunden f\u00f6r v\u00e5r behandling?<\/strong><\/h4><p>Den lagliga grunden f\u00f6r behandlingen av personuppgifter \u00e4r, i relation till information om fysiska klienter, att vi ska kunna fullg\u00f6ra det avtal som \u00e4r grunden f\u00f6r det uppdrag vi \u00e5tagit oss. I relation till klienters f\u00f6retr\u00e4dare, samarbetspartners och konsulter osv. grundar sig v\u00e5r personuppgiftsbehandling normalt p\u00e5 en intresseavv\u00e4gning. Det inneb\u00e4r att vi bed\u00f6mer att behandlingen av personuppgifterna \u00e4r n\u00f6dv\u00e4ndig f\u00f6r de \u00e4ndam\u00e5l som r\u00f6r v\u00e5r klients eller, i f\u00f6rekommande fall, v\u00e5ra ber\u00e4ttigade intressen och att dessa v\u00e4ger tyngre \u00e4n eventuella motst\u00e5ende intressen eller grundl\u00e4ggande r\u00e4ttigheter och friheter.<\/p><p>Behandlingen av personuppgifter som vi g\u00f6r i samband med arkivering av handlingar efter att ett uppdrag avslutats, grundas p\u00e5 v\u00e5r skyldighet att fullg\u00f6ra v\u00e5ra r\u00e4ttsliga f\u00f6rpliktelser (t.ex. bokf\u00f6ringslagstiftning).<\/p><p>Det kan ocks\u00e5 f\u00f6rekomma att vi i samband med de olika uppdrag vi \u00e5tagit oss har ytterligare grunder f\u00f6r behandlingen.<\/p><p>Behandling av personuppgifter h\u00e4nf\u00f6rliga till leverant\u00f6rer eller dess f\u00f6retr\u00e4dare och andra externa parter grundas p\u00e5 v\u00e5rt ber\u00e4ttigade intresse av att administrera relationen och fullg\u00f6ra v\u00e5ra avtalsf\u00f6rpliktelser.<\/p><p>N\u00e4r vi behandlar personuppgifter i syfte att analysera och utveckla v\u00e5r verksamhet, sker behandlingen p\u00e5 grundval av v\u00e5rt ber\u00e4ttigade intresse att f\u00f6rb\u00e4ttra verksamheten och f\u00f6r kommunikation.<\/p><h4><strong>Vem har tillg\u00e5ng till de personuppgifter vi behandlar?<\/strong><\/h4><p>Vi har vidtagit l\u00e4mpliga tekniska och organisatoriska s\u00e4kerhets\u00e5tg\u00e4rder f\u00f6r att skydda de personuppgifter vi behandlar mot bl.a. f\u00f6rlust och obeh\u00f6rig \u00e5tkomst.<\/p><p>\u00d6verf\u00f6ringar av uppgifter utanf\u00f6r EU\/EES sker i enlighet med till\u00e4mplig personuppgiftslagstiftning och f\u00f6r de \u00e4ndam\u00e5l som anges ovan. I \u00f6vrigt kan \u00f6verf\u00f6ring till l\u00e4nder utanf\u00f6r EU\/EES ske inom ramen f\u00f6r ett visst uppdrag, i den m\u00e5n det \u00e4r n\u00f6dv\u00e4ndigt f\u00f6r att fastst\u00e4lla, g\u00f6ra g\u00e4llande eller bevaka v\u00e5r klients r\u00e4ttsliga anspr\u00e5k.<\/p><p>Vi l\u00e4mnar i f\u00f6rekommande fall ut eller \u00f6verf\u00f6r dina personuppgifter till f\u00f6ljande kategorier av mottagare.<\/p><p><strong>Tj\u00e4nsteleverant\u00f6rer och samarbetspartners<\/strong><\/p><p>F\u00f6r att uppfylla \u00e4ndam\u00e5len med v\u00e5r behandling av dina personuppgifter som angivits ovan anlitar vi i f\u00f6rekommande fall tj\u00e4nsteleverant\u00f6rer och samarbetspartners, som behandlar personuppgifter p\u00e5 v\u00e5rt uppdrag. Dessa leverant\u00f6rer f\u00e5r endast behandla dina personuppgifter enligt v\u00e5ra uttryckliga instruktioner och f\u00e5r inte anv\u00e4nda dina uppgifter f\u00f6r egna \u00e4ndam\u00e5l. De \u00e4r \u00e4ven skyldiga enligt lag och avtal att vidta l\u00e4mpliga tekniska och organisatoriska s\u00e4kerhets\u00e5tg\u00e4rder f\u00f6r att skydda dina uppgifter.<\/p><p>De kategorier av tj\u00e4nsteleverant\u00f6rer och samarbetspartners som vi delar dina personuppgifter med \u00e4r systemtj\u00e4nsteleverant\u00f6rer inom HR, anst\u00e4llnings- och f\u00f6rm\u00e5nshantering, pensionsadministration, kundunders\u00f6kningsf\u00f6retag, IT-s\u00e4kerhetsbolag och andra IT-tj\u00e4nsteleverant\u00f6rer.<\/p><p><strong>\u00d6vriga mottagare<\/strong><\/p><p>Vi kan i f\u00f6rekommande fall l\u00e4mna ut dina personuppgifter till andra mottagare \u00e4n de som angivits ovan f\u00f6r att f\u00f6lja till\u00e4mpliga lagar och f\u00f6reskrifter, en beg\u00e4ran eller ett f\u00f6rel\u00e4ggande fr\u00e5n en beh\u00f6rig domstol eller myndighet, samt f\u00f6r att tillgodose v\u00e5rt ber\u00e4ttigade intresse av att fastst\u00e4lla, g\u00f6ra g\u00e4llande och f\u00f6rsvara r\u00e4ttsliga anspr\u00e5k. Vi kan i f\u00f6rekommande fall \u00e4ven l\u00e4mna ut personuppgifter p\u00e5 den registrerades beg\u00e4ran eller inom ramen f\u00f6r ett visst uppdrag om det \u00e4r n\u00f6dv\u00e4ndigt f\u00f6r att vi ska kunna tillvarata v\u00e5ra klienters r\u00e4ttigheter och intressen<\/p><h4><strong>Hur l\u00e4nge sparas personuppgifter?<\/strong><\/h4><p>Vi sparar inte personuppgifterna l\u00e4ngre \u00e4n n\u00f6dv\u00e4ndigt med h\u00e4nsyn till \u00e4ndam\u00e5let f\u00f6r behandlingen, om inte uppgifterna m\u00e5ste eller f\u00e5r sparas l\u00e4ngre enligt lag.<\/p><p>De personuppgifter som kan komma att behandlas inf\u00f6r och i samband med utf\u00f6rande av uppdrag sparas under uppdragets handl\u00e4ggning och bevaras efter uppdragets slutf\u00f6rande i enlighet med preskriptionslagens regler. Det inneb\u00e4r att personuppgifterna sparas under maximalt tio \u00e5r fr\u00e5n dagen f\u00f6r uppdragets slutf\u00f6rande, eller den l\u00e4ngre tid som p\u00e5kallas av uppdragets natur.<\/p><h4><strong>Dina r\u00e4ttigheter<\/strong><\/h4><p>Enligt g\u00e4llande dataskyddslagstiftning har du f\u00f6ljande r\u00e4ttigheter.<\/p><p><strong>Registerutdrag<\/strong><\/p><p>Du har r\u00e4tt att beg\u00e4ra att f\u00e5 en bekr\u00e4ftelse fr\u00e5n oss om vi behandlar personuppgifter som r\u00f6r dig, samt i s\u00e5dant fall beg\u00e4ra tillg\u00e5ng till de personuppgifter som vi behandlar om dig, ett s.k. re\u00adgis\u00adterut\u00addrag.<\/p><p><strong>\u00c5terkalla samtycke <\/strong><\/p><p>Du har r\u00e4tt att n\u00e4r som helst \u00e5terkalla ditt samtycke f\u00f6r behandlingen av dina personuppgifter. Du kan \u00e5terkalla ditt samtycke genom att kontakta oss via kontaktuppgifterna nedan.<\/p><p><strong>Beg\u00e4ra r\u00e4ttelse<\/strong><\/p><p>Vidare har du, om du anser att en uppgift om dig \u00e4r felaktig eller ofullst\u00e4ndig, r\u00e4tt att be\u00adg\u00e4ra r\u00e4ttelse.<\/p><p><strong>R\u00e4tt att mots\u00e4tta behandling som st\u00f6djer sig p\u00e5 en intresseavv\u00e4gning <\/strong><\/p><p>Du har r\u00e4tt att mots\u00e4tta dig behandlingar som st\u00f6djer sig p\u00e5 en intresseavv\u00e4gning av sk\u00e4l som \u00e4r h\u00e4nf\u00f6rliga till din specifika situation. Vi f\u00e5r dock forts\u00e4tta att behandla dina uppgifter, trots att du har motsatt dig behand\u00adlingen, om vi har tvingande ber\u00e4ttigade sk\u00e4l f\u00f6r behandlingen som \u00f6verv\u00e4ger integri\u00adtetsintresset.<\/p><p><strong>R\u00e4tt till radering<\/strong><\/p><p>Under vissa omst\u00e4ndigheter har du r\u00e4tt att f\u00e5 dina personuppgifter raderade, t.ex. om be\u00adhandlingen st\u00f6djer sig p\u00e5 ett samtycke och du \u00e5terkallar detta samtycke. Detta g\u00e4ller dock inte om vi exempelvis \u00e4r skyldiga enligt lag att bevara uppgifterna.<\/p><p><strong>R\u00e4tt att beg\u00e4ra begr\u00e4nsning av behandling<\/strong><\/p><p>Du har \u00e4ven r\u00e4tt att, i de fall som till\u00e4mplig dataskyddslagstiftning f\u00f6reskriver det, be\u00adg\u00e4ra att behandlingen av dina personuppgifter begr\u00e4nsas. Notera dock att om du beg\u00e4r att be\u00adhandlingen av dina uppgifter ska begr\u00e4nsas kan det medf\u00f6ra att vi inte kan upp\u00adfylla v\u00e5ra eventuella skyldigheter gentemot dig under den tid behandlingen begr\u00e4n\u00adsats.<\/p><p><strong>R\u00e4tt till dataportabilitet<\/strong><\/p><p>Slutligen har du r\u00e4tt att f\u00e5 en kopia p\u00e5 de personuppgifter som r\u00f6r dig och som du har till\u00adhandah\u00e5llit till oss och som vi behandlar elektroniskt med st\u00f6d av ett avtal med dig eller ditt samtycke i ett strukturerat allm\u00e4nt anv\u00e4nt och maskinl\u00e4sbart format.<\/p><p><strong>R\u00e4tt att inge klagom\u00e5l<\/strong><\/p><p>Du har r\u00e4tt att inge eventuella klagom\u00e5l ang\u00e5ende behandling av dina personuppgifter till tillsynsmyndigheten.<\/p><h4><strong>Personuppgiftsansvarig och kontaktinformation<\/strong><\/h4><p>Evertrust Consulting AB, org. nr. 559119-1167 \u00e4r personuppgiftsansvarig f\u00f6r den behandling som beskrivits i denna policy.<\/p><p>Om du har fr\u00e5gor om behandlingen av dina personuppgifter \u00e4r du v\u00e4lkommen att oss p\u00e5 info@evertrust.se.<\/p><h5>Versionshistorik<\/h5><p>Version 2018-05-25. Evertrust Consulting f\u00f6rbeh\u00e5ller sig r\u00e4tten att n\u00e4r som helst \u00e4ndra denna privacy policy.<\/p>\t\t\t\t\t\t\t\t<\/div>\n\t\t\t\t<\/div>\n\t\t\t\t\t<\/div>\n\t\t<\/div>\n\t\t\t\t\t<\/div>\n\t\t<\/section>\n\t\t\t\t<\/div>","protected":false},"excerpt":{"rendered":"<p>Dataskyddsspolicy V\u00e5r m\u00e5ls\u00e4ttning \u00e4r att du ska k\u00e4nna dig trygg n\u00e4r du l\u00e4mnar personuppgifter till oss. Vi vidtar d\u00e4rf\u00f6r l\u00e4mpliga \u00e5tg\u00e4rder f\u00f6r att skydda dina personuppgifter och f\u00f6r att s\u00e4ker\u00adst\u00e4lla att behandlingen sker i enlighet med g\u00e4l\u00adlande data\u00adskyddslagstiftning och v\u00e5ra interna riktlinjer och rutiner f\u00f6r hantering av personuppgifter. Evertrust Consulting samlar in personuppgifter fr\u00e5n klienter [&hellip;]<\/p>","protected":false},"author":2,"featured_media":0,"parent":0,"menu_order":0,"comment_status":"closed","ping_status":"closed","template":"elementor_header_footer","meta":{"content-type":"","site-sidebar-layout":"default","site-content-layout":"","ast-site-content-layout":"","site-content-style":"default","site-sidebar-style":"default","ast-global-header-display":"","ast-banner-title-visibility":"","ast-main-header-display":"","ast-hfb-above-header-display":"","ast-hfb-below-header-display":"","ast-hfb-mobile-header-display":"","site-post-title":"","ast-breadcrumbs-content":"","ast-featured-img":"","footer-sml-layout":"","theme-transparent-header-meta":"","adv-header-id-meta":"","stick-header-meta":"","header-above-stick-meta":"","header-main-stick-meta":"","header-below-stick-meta":"","astra-migrate-meta-layouts":"default","ast-page-background-enabled":"default","ast-page-background-meta":{"desktop":{"background-color":"","background-image":"","background-repeat":"repeat","background-position":"center center","background-size":"auto","background-attachment":"scroll","background-type":"","background-media":"","overlay-type":"","overlay-color":"","overlay-opacity":"","overlay-gradient":""},"tablet":{"background-color":"","background-image":"","background-repeat":"repeat","background-position":"center center","background-size":"auto","background-attachment":"scroll","background-type":"","background-media":"","overlay-type":"","overlay-color":"","overlay-opacity":"","overlay-gradient":""},"mobile":{"background-color":"","background-image":"","background-repeat":"repeat","background-position":"center center","background-size":"auto","background-attachment":"scroll","background-type":"","background-media":"","overlay-type":"","overlay-color":"","overlay-opacity":"","overlay-gradient":""}},"ast-content-background-meta":{"desktop":{"background-color":"var(--ast-global-color-5)","background-image":"","background-repeat":"repeat","background-position":"center center","background-size":"auto","background-attachment":"scroll","background-type":"","background-media":"","overlay-type":"","overlay-color":"","overlay-opacity":"","overlay-gradient":""},"tablet":{"background-color":"var(--ast-global-color-5)","background-image":"","background-repeat":"repeat","background-position":"center center","background-size":"auto","background-attachment":"scroll","background-type":"","background-media":"","overlay-type":"","overlay-color":"","overlay-opacity":"","overlay-gradient":""},"mobile":{"background-color":"var(--ast-global-color-5)","background-image":"","background-repeat":"repeat","background-position":"center center","background-size":"auto","background-attachment":"scroll","background-type":"","background-media":"","overlay-type":"","overlay-color":"","overlay-opacity":"","overlay-gradient":""}},"footnotes":""},"class_list":["post-248","page","type-page","status-publish","hentry"],"acf":[],"aioseo_notices":[],"_links":{"self":[{"href":"https:\/\/evertrust.se\/en\/wp-json\/wp\/v2\/pages\/248","targetHints":{"allow":["GET"]}}],"collection":[{"href":"https:\/\/evertrust.se\/en\/wp-json\/wp\/v2\/pages"}],"about":[{"href":"https:\/\/evertrust.se\/en\/wp-json\/wp\/v2\/types\/page"}],"author":[{"embeddable":true,"href":"https:\/\/evertrust.se\/en\/wp-json\/wp\/v2\/users\/2"}],"replies":[{"embeddable":true,"href":"https:\/\/evertrust.se\/en\/wp-json\/wp\/v2\/comments?post=248"}],"version-history":[{"count":3,"href":"https:\/\/evertrust.se\/en\/wp-json\/wp\/v2\/pages\/248\/revisions"}],"predecessor-version":[{"id":7556,"href":"https:\/\/evertrust.se\/en\/wp-json\/wp\/v2\/pages\/248\/revisions\/7556"}],"wp:attachment":[{"href":"https:\/\/evertrust.se\/en\/wp-json\/wp\/v2\/media?parent=248"}],"curies":[{"name":"wp","href":"https:\/\/api.w.org\/{rel}","templated":true}]}}