{"id":2875,"date":"2023-06-30T11:37:32","date_gmt":"2023-06-30T09:37:32","guid":{"rendered":"https:\/\/evertruststg.digidog.org\/?page_id=2875"},"modified":"2026-04-30T11:54:48","modified_gmt":"2026-04-30T09:54:48","slug":"tjanster-utbildningar","status":"publish","type":"page","link":"https:\/\/evertrust.se\/en\/tjanster-utbildningar\/","title":{"rendered":"Tj\u00e4nster &#8211; Utbildningar"},"content":{"rendered":"<div data-elementor-type=\"wp-page\" data-elementor-id=\"2875\" class=\"elementor elementor-2875\" data-elementor-post-type=\"page\">\n\t\t\t\t<div class=\"elementor-element elementor-element-c64ce56 e-flex e-con-boxed e-con e-parent\" data-id=\"c64ce56\" data-element_type=\"container\" data-settings=\"{&quot;background_background&quot;:&quot;classic&quot;}\">\n\t\t\t\t\t<div class=\"e-con-inner\">\n\t\t<div class=\"elementor-element elementor-element-e7ca305 e-con-full e-flex e-con e-child\" data-id=\"e7ca305\" data-element_type=\"container\">\n\t\t\t\t<div class=\"elementor-element elementor-element-887580a elementor-widget elementor-widget-heading\" data-id=\"887580a\" data-element_type=\"widget\" data-widget_type=\"heading.default\">\n\t\t\t\t<div class=\"elementor-widget-container\">\n\t\t\t\t\t<h2 class=\"elementor-heading-title elementor-size-default\">Utbildningar<\/h2>\t\t\t\t<\/div>\n\t\t\t\t<\/div>\n\t\t\t\t<div class=\"elementor-element elementor-element-9ebe892 elementor-widget elementor-widget-heading\" data-id=\"9ebe892\" data-element_type=\"widget\" data-widget_type=\"heading.default\">\n\t\t\t\t<div class=\"elementor-widget-container\">\n\t\t\t\t\t<h6 class=\"elementor-heading-title elementor-size-default\">Dina medarbetare utg\u00f6r den st\u00f6rsta risken f\u00f6r din organisation, vilket g\u00f6r att utbildning av anst\u00e4llda \u00e4r en f\u00f6ruts\u00e4ttning f\u00f6r ett lyckat arbete. <\/h6>\t\t\t\t<\/div>\n\t\t\t\t<\/div>\n\t\t\t\t<div class=\"elementor-element elementor-element-6152218 elementor-widget elementor-widget-text-editor\" data-id=\"6152218\" data-element_type=\"widget\" data-widget_type=\"text-editor.default\">\n\t\t\t\t<div class=\"elementor-widget-container\">\n\t\t\t\t\t\t\t\t\t<p>Evertrust tillhandah\u00e5ller l\u00e4rarledda utbildningar och e-utbildningar f\u00f6r att snabbt \u00f6ka kunskapen och f\u00f6rst\u00e5elsen av nya lagkraven och hur man ska f\u00f6rh\u00e5lla sig till dem p\u00e5 ett i praktiken genomf\u00f6rbart s\u00e4tt.<\/p>\t\t\t\t\t\t\t\t<\/div>\n\t\t\t\t<\/div>\n\t\t\t\t<div class=\"elementor-element elementor-element-068ac33 elementor-align-left elementor-widget elementor-widget-button\" data-id=\"068ac33\" data-element_type=\"widget\" data-widget_type=\"button.default\">\n\t\t\t\t<div class=\"elementor-widget-container\">\n\t\t\t\t\t\t\t\t\t<div class=\"elementor-button-wrapper\">\n\t\t\t\t\t<a class=\"elementor-button elementor-button-link elementor-size-md elementor-animation-bob\" href=\"https:\/\/evertrust.se\/en\/kontakta-oss\/\">\n\t\t\t\t\t\t<span class=\"elementor-button-content-wrapper\">\n\t\t\t\t\t\t<span class=\"elementor-button-icon\">\n\t\t\t\t<i aria-hidden=\"true\" class=\"fas fa-long-arrow-alt-right\"><\/i>\t\t\t<\/span>\n\t\t\t\t\t\t\t\t\t<span class=\"elementor-button-text\">Kontakta oss<\/span>\n\t\t\t\t\t<\/span>\n\t\t\t\t\t<\/a>\n\t\t\t\t<\/div>\n\t\t\t\t\t\t\t\t<\/div>\n\t\t\t\t<\/div>\n\t\t\t\t<\/div>\n\t\t<div class=\"elementor-element elementor-element-a05d9b0 e-con-full e-flex e-con e-child\" data-id=\"a05d9b0\" data-element_type=\"container\" data-settings=\"{&quot;background_background&quot;:&quot;classic&quot;}\">\n\t\t\t\t<\/div>\n\t\t\t\t\t<\/div>\n\t\t\t\t<\/div>\n\t\t<div class=\"elementor-element elementor-element-be82b8b e-flex e-con-boxed e-con e-parent\" data-id=\"be82b8b\" data-element_type=\"container\" data-settings=\"{&quot;background_background&quot;:&quot;classic&quot;}\">\n\t\t\t\t\t<div class=\"e-con-inner\">\n\t\t\t\t<div class=\"elementor-element elementor-element-3f03107 elementor-widget elementor-widget-heading\" data-id=\"3f03107\" data-element_type=\"widget\" data-widget_type=\"heading.default\">\n\t\t\t\t<div class=\"elementor-widget-container\">\n\t\t\t\t\t<h6 class=\"elementor-heading-title elementor-size-default\">V\u00e5ra utbildningar<\/h6>\t\t\t\t<\/div>\n\t\t\t\t<\/div>\n\t\t\t\t<div class=\"elementor-element elementor-element-779bfbe elementor-icon-list--layout-inline elementor-align-center elementor-list-item-link-full_width elementor-widget elementor-widget-icon-list\" data-id=\"779bfbe\" data-element_type=\"widget\" data-widget_type=\"icon-list.default\">\n\t\t\t\t<div class=\"elementor-widget-container\">\n\t\t\t\t\t\t\t<ul class=\"elementor-icon-list-items elementor-inline-items\">\n\t\t\t\t\t\t\t<li class=\"elementor-icon-list-item elementor-inline-item\">\n\t\t\t\t\t\t\t\t\t\t\t<a href=\"#1\">\n\n\t\t\t\t\t\t\t\t\t\t\t\t<span class=\"elementor-icon-list-icon\">\n\t\t\t\t\t\t\t<i aria-hidden=\"true\" class=\"fas fa-arrow-alt-circle-right\"><\/i>\t\t\t\t\t\t<\/span>\n\t\t\t\t\t\t\t\t\t\t<span class=\"elementor-icon-list-text\">E-learning GDPR<\/span>\n\t\t\t\t\t\t\t\t\t\t\t<\/a>\n\t\t\t\t\t\t\t\t\t<\/li>\n\t\t\t\t\t\t\t\t<li class=\"elementor-icon-list-item elementor-inline-item\">\n\t\t\t\t\t\t\t\t\t\t\t<a href=\"#2\">\n\n\t\t\t\t\t\t\t\t\t\t\t\t<span class=\"elementor-icon-list-icon\">\n\t\t\t\t\t\t\t<i aria-hidden=\"true\" class=\"fas fa-arrow-alt-circle-right\"><\/i>\t\t\t\t\t\t<\/span>\n\t\t\t\t\t\t\t\t\t\t<span class=\"elementor-icon-list-text\">Grundl\u00e4ggande utbildning<\/span>\n\t\t\t\t\t\t\t\t\t\t\t<\/a>\n\t\t\t\t\t\t\t\t\t<\/li>\n\t\t\t\t\t\t\t\t<li class=\"elementor-icon-list-item elementor-inline-item\">\n\t\t\t\t\t\t\t\t\t\t\t<a href=\"#3\">\n\n\t\t\t\t\t\t\t\t\t\t\t\t<span class=\"elementor-icon-list-icon\">\n\t\t\t\t\t\t\t<i aria-hidden=\"true\" class=\"fas fa-arrow-alt-circle-right\"><\/i>\t\t\t\t\t\t<\/span>\n\t\t\t\t\t\t\t\t\t\t<span class=\"elementor-icon-list-text\">Kurs i kamerabevakning<\/span>\n\t\t\t\t\t\t\t\t\t\t\t<\/a>\n\t\t\t\t\t\t\t\t\t<\/li>\n\t\t\t\t\t\t<\/ul>\n\t\t\t\t\t\t<\/div>\n\t\t\t\t<\/div>\n\t\t\t\t\t<\/div>\n\t\t\t\t<\/div>\n\t\t<div class=\"elementor-element elementor-element-2b68222 e-flex e-con-boxed e-con e-parent\" data-id=\"2b68222\" data-element_type=\"container\">\n\t\t\t\t\t<div class=\"e-con-inner\">\n\t\t\t\t<div class=\"elementor-element elementor-element-ca33498 elementor-widget elementor-widget-menu-anchor\" data-id=\"ca33498\" data-element_type=\"widget\" data-widget_type=\"menu-anchor.default\">\n\t\t\t\t<div class=\"elementor-widget-container\">\n\t\t\t\t\t\t\t<div class=\"elementor-menu-anchor\" id=\"1\"><\/div>\n\t\t\t\t\t\t<\/div>\n\t\t\t\t<\/div>\n\t\t\t\t\t<\/div>\n\t\t\t\t<\/div>\n\t\t<div class=\"elementor-element elementor-element-24ddd6c e-flex e-con-boxed e-con e-parent\" data-id=\"24ddd6c\" data-element_type=\"container\" data-settings=\"{&quot;background_background&quot;:&quot;classic&quot;}\">\n\t\t\t\t\t<div class=\"e-con-inner\">\n\t\t<div class=\"elementor-element elementor-element-16650f0 e-con-full e-flex e-con e-child\" data-id=\"16650f0\" data-element_type=\"container\">\n\t\t\t\t<div class=\"elementor-element elementor-element-9844dad elementor-widget elementor-widget-image\" data-id=\"9844dad\" data-element_type=\"widget\" data-widget_type=\"image.default\">\n\t\t\t\t<div class=\"elementor-widget-container\">\n\t\t\t\t\t\t\t\t\t\t\t\t\t\t\t<img fetchpriority=\"high\" decoding=\"async\" width=\"529\" height=\"387\" src=\"https:\/\/evertrust.se\/wp-content\/uploads\/2023\/06\/gap-analyser3.png\" class=\"attachment-large size-large wp-image-2864\" alt=\"\" \/>\t\t\t\t\t\t\t\t\t\t\t\t\t\t\t<\/div>\n\t\t\t\t<\/div>\n\t\t\t\t<\/div>\n\t\t<div class=\"elementor-element elementor-element-c21d740 e-con-full e-flex e-con e-child\" data-id=\"c21d740\" data-element_type=\"container\">\n\t\t\t\t<div class=\"elementor-element elementor-element-17f9a1e elementor-widget elementor-widget-heading\" data-id=\"17f9a1e\" data-element_type=\"widget\" data-widget_type=\"heading.default\">\n\t\t\t\t<div class=\"elementor-widget-container\">\n\t\t\t\t\t<p class=\"elementor-heading-title elementor-size-default\">GDPR f\u00f6r dig som jobbar inom HR<\/p>\t\t\t\t<\/div>\n\t\t\t\t<\/div>\n\t\t\t\t<div class=\"elementor-element elementor-element-6258f56 elementor-widget-divider--view-line elementor-widget elementor-widget-divider\" data-id=\"6258f56\" data-element_type=\"widget\" data-widget_type=\"divider.default\">\n\t\t\t\t<div class=\"elementor-widget-container\">\n\t\t\t\t\t\t\t<div class=\"elementor-divider\">\n\t\t\t<span class=\"elementor-divider-separator\">\n\t\t\t\t\t\t<\/span>\n\t\t<\/div>\n\t\t\t\t\t\t<\/div>\n\t\t\t\t<\/div>\n\t\t\t\t<div class=\"elementor-element elementor-element-a3835ba elementor-widget elementor-widget-heading\" data-id=\"a3835ba\" data-element_type=\"widget\" data-widget_type=\"heading.default\">\n\t\t\t\t<div class=\"elementor-widget-container\">\n\t\t\t\t\t<h3 class=\"elementor-heading-title elementor-size-default\">Praktisk GDPR f\u00f6r HR<\/h3>\t\t\t\t<\/div>\n\t\t\t\t<\/div>\n\t\t\t\t<div class=\"elementor-element elementor-element-71f09b6 elementor-widget elementor-widget-heading\" data-id=\"71f09b6\" data-element_type=\"widget\" data-widget_type=\"heading.default\">\n\t\t\t\t<div class=\"elementor-widget-container\">\n\t\t\t\t\t<h6 class=\"elementor-heading-title elementor-size-default\"><p class=\"p1\" style=\"margin-bottom: 0px;font-style: normal;font-weight: 400;font-size: 21px;line-height: normal;font-family: Garamond\"><b>Lagringstider, personalakter och k\u00e4nsliga personaluppgifter<\/b><\/p><\/h6>\t\t\t\t<\/div>\n\t\t\t\t<\/div>\n\t\t\t\t<div class=\"elementor-element elementor-element-e068e06 elementor-widget elementor-widget-text-editor\" data-id=\"e068e06\" data-element_type=\"widget\" data-widget_type=\"text-editor.default\">\n\t\t\t\t<div class=\"elementor-widget-container\">\n\t\t\t\t\t\t\t\t\t<p>Utbildningen fokuserar p\u00e5 konkreta HR-situationer som rekrytering, personalakter, sjukfr\u00e5nvaro, chefsdokumentation, registerutdrag, bakgrundskontroller och gallring men m\u00e5nga praktiska inslag.<\/p><p>Tv\u00e5 kurstillf\u00e4llen: 26 och 28 maj 2026<\/p>\n<p>L\u00e4s mer:&nbsp;<a href=\"https:\/\/info.evertrust.se\/evertrust-praktisk-gdpr-f%C3%B6r-hr\" target=\"_blank\">https:\/\/info.evertrust.se\/evertrust-praktisk-gdpr-f%C3%B6r-hr<\/a><\/p>\t\t\t\t\t\t\t\t<\/div>\n\t\t\t\t<\/div>\n\t\t\t\t<\/div>\n\t\t\t\t\t<\/div>\n\t\t\t\t<\/div>\n\t\t<div class=\"elementor-element elementor-element-a218b81 e-flex e-con-boxed e-con e-parent\" data-id=\"a218b81\" data-element_type=\"container\">\n\t\t\t\t\t<div class=\"e-con-inner\">\n\t\t<div class=\"elementor-element elementor-element-fb1ce2c e-con-full e-flex e-con e-child\" data-id=\"fb1ce2c\" data-element_type=\"container\">\n\t\t\t\t<div class=\"elementor-element elementor-element-dd23109 elementor-widget elementor-widget-heading\" data-id=\"dd23109\" data-element_type=\"widget\" data-widget_type=\"heading.default\">\n\t\t\t\t<div class=\"elementor-widget-container\">\n\t\t\t\t\t<p class=\"elementor-heading-title elementor-size-default\">GDPR<\/p>\t\t\t\t<\/div>\n\t\t\t\t<\/div>\n\t\t\t\t<div class=\"elementor-element elementor-element-4a53769 elementor-widget-divider--view-line elementor-widget elementor-widget-divider\" data-id=\"4a53769\" data-element_type=\"widget\" data-widget_type=\"divider.default\">\n\t\t\t\t<div class=\"elementor-widget-container\">\n\t\t\t\t\t\t\t<div class=\"elementor-divider\">\n\t\t\t<span class=\"elementor-divider-separator\">\n\t\t\t\t\t\t<\/span>\n\t\t<\/div>\n\t\t\t\t\t\t<\/div>\n\t\t\t\t<\/div>\n\t\t\t\t<div class=\"elementor-element elementor-element-02979a7 elementor-widget elementor-widget-heading\" data-id=\"02979a7\" data-element_type=\"widget\" data-widget_type=\"heading.default\">\n\t\t\t\t<div class=\"elementor-widget-container\">\n\t\t\t\t\t<h3 class=\"elementor-heading-title elementor-size-default\">E-learning GDPR<\/h3>\t\t\t\t<\/div>\n\t\t\t\t<\/div>\n\t\t\t\t<div class=\"elementor-element elementor-element-90919d5 elementor-widget elementor-widget-heading\" data-id=\"90919d5\" data-element_type=\"widget\" data-widget_type=\"heading.default\">\n\t\t\t\t<div class=\"elementor-widget-container\">\n\t\t\t\t\t<h6 class=\"elementor-heading-title elementor-size-default\">V\u00e4lkommen till v\u00e5r specialanpassade e-learningutbildning om GDPR (Dataskyddsf\u00f6rordningen) \u2013 din v\u00e4g till att f\u00f6rst\u00e5 och s\u00e4kerst\u00e4lla efterlevnad av dataskyddsregler. <\/h6>\t\t\t\t<\/div>\n\t\t\t\t<\/div>\n\t\t\t\t<div class=\"elementor-element elementor-element-faf594c elementor-widget elementor-widget-text-editor\" data-id=\"faf594c\" data-element_type=\"widget\" data-widget_type=\"text-editor.default\">\n\t\t\t\t<div class=\"elementor-widget-container\">\n\t\t\t\t\t\t\t\t\t<p>Denna omfattande kurs best\u00e5r av en serie engagerande videobaserade avsnitt, skr\u00e4ddarsydda f\u00f6r att passa f\u00f6retag i alla storlekar och branscher.<\/p><p>Genom interaktiva videomoduler och realistiska scenarier kommer du och ditt team att l\u00e4ra er grunderna i dataskydd, r\u00e4ttigheter f\u00f6r individer, hantering av personuppgifter och s\u00e4ker informationshantering. V\u00e5ra erfarna experter inom GDPR och informationss\u00e4kerhet v\u00e4gleder er genom de komplexa aspekterna av regelverket och ger er praktiska verktyg f\u00f6r att implementera b\u00e4sta praxis. Kontakta oss f\u00f6r mer information!<\/p><p>\u00a0<\/p>\t\t\t\t\t\t\t\t<\/div>\n\t\t\t\t<\/div>\n\t\t\t\t<\/div>\n\t\t<div class=\"elementor-element elementor-element-85bb2db e-con-full e-flex e-con e-child\" data-id=\"85bb2db\" data-element_type=\"container\">\n\t\t\t\t<div class=\"elementor-element elementor-element-35d651d elementor-widget elementor-widget-image\" data-id=\"35d651d\" data-element_type=\"widget\" data-widget_type=\"image.default\">\n\t\t\t\t<div class=\"elementor-widget-container\">\n\t\t\t\t\t\t\t\t\t\t\t\t\t\t\t<img decoding=\"async\" width=\"581\" height=\"488\" src=\"https:\/\/evertrust.se\/wp-content\/uploads\/2023\/06\/gap-analyser2.png\" class=\"attachment-large size-large wp-image-2863\" alt=\"\" \/>\t\t\t\t\t\t\t\t\t\t\t\t\t\t\t<\/div>\n\t\t\t\t<\/div>\n\t\t\t\t<\/div>\n\t\t\t\t\t<\/div>\n\t\t\t\t<\/div>\n\t\t<div class=\"elementor-element elementor-element-41714c8 e-flex e-con-boxed e-con e-parent\" data-id=\"41714c8\" data-element_type=\"container\">\n\t\t\t\t\t<div class=\"e-con-inner\">\n\t\t\t\t<div class=\"elementor-element elementor-element-726021f elementor-widget elementor-widget-menu-anchor\" data-id=\"726021f\" data-element_type=\"widget\" data-widget_type=\"menu-anchor.default\">\n\t\t\t\t<div class=\"elementor-widget-container\">\n\t\t\t\t\t\t\t<div class=\"elementor-menu-anchor\" id=\"2\"><\/div>\n\t\t\t\t\t\t<\/div>\n\t\t\t\t<\/div>\n\t\t\t\t\t<\/div>\n\t\t\t\t<\/div>\n\t\t<div class=\"elementor-element elementor-element-a36b0de e-flex e-con-boxed e-con e-parent\" data-id=\"a36b0de\" data-element_type=\"container\" data-settings=\"{&quot;background_background&quot;:&quot;classic&quot;}\">\n\t\t\t\t\t<div class=\"e-con-inner\">\n\t\t<div class=\"elementor-element elementor-element-902eacc e-con-full e-flex e-con e-child\" data-id=\"902eacc\" data-element_type=\"container\">\n\t\t\t\t<div class=\"elementor-element elementor-element-d354afb elementor-widget elementor-widget-image\" data-id=\"d354afb\" data-element_type=\"widget\" data-widget_type=\"image.default\">\n\t\t\t\t<div class=\"elementor-widget-container\">\n\t\t\t\t\t\t\t\t\t\t\t\t\t\t\t<img fetchpriority=\"high\" decoding=\"async\" width=\"529\" height=\"387\" src=\"https:\/\/evertrust.se\/wp-content\/uploads\/2023\/06\/gap-analyser3.png\" class=\"attachment-large size-large wp-image-2864\" alt=\"\" \/>\t\t\t\t\t\t\t\t\t\t\t\t\t\t\t<\/div>\n\t\t\t\t<\/div>\n\t\t\t\t<\/div>\n\t\t<div class=\"elementor-element elementor-element-e8e5a64 e-con-full e-flex e-con e-child\" data-id=\"e8e5a64\" data-element_type=\"container\">\n\t\t\t\t<div class=\"elementor-element elementor-element-119a960 elementor-widget elementor-widget-heading\" data-id=\"119a960\" data-element_type=\"widget\" data-widget_type=\"heading.default\">\n\t\t\t\t<div class=\"elementor-widget-container\">\n\t\t\t\t\t<p class=\"elementor-heading-title elementor-size-default\">GDPR<\/p>\t\t\t\t<\/div>\n\t\t\t\t<\/div>\n\t\t\t\t<div class=\"elementor-element elementor-element-6ac13f7 elementor-widget-divider--view-line elementor-widget elementor-widget-divider\" data-id=\"6ac13f7\" data-element_type=\"widget\" data-widget_type=\"divider.default\">\n\t\t\t\t<div class=\"elementor-widget-container\">\n\t\t\t\t\t\t\t<div class=\"elementor-divider\">\n\t\t\t<span class=\"elementor-divider-separator\">\n\t\t\t\t\t\t<\/span>\n\t\t<\/div>\n\t\t\t\t\t\t<\/div>\n\t\t\t\t<\/div>\n\t\t\t\t<div class=\"elementor-element elementor-element-e59a570 elementor-widget elementor-widget-heading\" data-id=\"e59a570\" data-element_type=\"widget\" data-widget_type=\"heading.default\">\n\t\t\t\t<div class=\"elementor-widget-container\">\n\t\t\t\t\t<h3 class=\"elementor-heading-title elementor-size-default\">Grundl\u00e4ggande utbildning i GDPR f\u00f6r anst\u00e4llda <\/h3>\t\t\t\t<\/div>\n\t\t\t\t<\/div>\n\t\t\t\t<div class=\"elementor-element elementor-element-700c81e elementor-widget elementor-widget-heading\" data-id=\"700c81e\" data-element_type=\"widget\" data-widget_type=\"heading.default\">\n\t\t\t\t<div class=\"elementor-widget-container\">\n\t\t\t\t\t<h6 class=\"elementor-heading-title elementor-size-default\">St\u00e4rk dataskyddskompetensen i din organisation\u200b med en l\u00e4rarledd grundkurs i GDPR.<\/h6>\t\t\t\t<\/div>\n\t\t\t\t<\/div>\n\t\t\t\t<div class=\"elementor-element elementor-element-95b7590 elementor-widget elementor-widget-text-editor\" data-id=\"95b7590\" data-element_type=\"widget\" data-widget_type=\"text-editor.default\">\n\t\t\t\t<div class=\"elementor-widget-container\">\n\t\t\t\t\t\t\t\t\t<p>V\u00e5r m\u00e5linriktade utbildning i GDPR \u00e4r utformad f\u00f6r att rusta ditt team med n\u00f6dv\u00e4ndiga kunskaper kring dataskydd och s\u00e4ker informationshantering. Genom en interaktiv och l\u00e4rarledd kurs f\u00e5r dina anst\u00e4llda en djupare f\u00f6rst\u00e5else f\u00f6r dataskyddsf\u00f6rordningen och dess praktiska till\u00e4mpningar. V\u00e5ra experter inom dataskydd v\u00e4gleder deltagarna genom regelverket, ger insikter om b\u00e4sta praxis och svarar p\u00e5 fr\u00e5gor som kan uppst\u00e5.<\/p>\t\t\t\t\t\t\t\t<\/div>\n\t\t\t\t<\/div>\n\t\t\t\t<\/div>\n\t\t\t\t\t<\/div>\n\t\t\t\t<\/div>\n\t\t<div class=\"elementor-element elementor-element-b709c65 e-flex e-con-boxed e-con e-parent\" data-id=\"b709c65\" data-element_type=\"container\">\n\t\t\t\t\t<div class=\"e-con-inner\">\n\t\t\t\t<div class=\"elementor-element elementor-element-18811da elementor-widget elementor-widget-menu-anchor\" data-id=\"18811da\" data-element_type=\"widget\" data-widget_type=\"menu-anchor.default\">\n\t\t\t\t<div class=\"elementor-widget-container\">\n\t\t\t\t\t\t\t<div class=\"elementor-menu-anchor\" id=\"3\"><\/div>\n\t\t\t\t\t\t<\/div>\n\t\t\t\t<\/div>\n\t\t\t\t\t<\/div>\n\t\t\t\t<\/div>\n\t\t<div class=\"elementor-element elementor-element-bf31e7c e-flex e-con-boxed e-con e-parent\" data-id=\"bf31e7c\" data-element_type=\"container\">\n\t\t\t\t\t<div class=\"e-con-inner\">\n\t\t<div class=\"elementor-element elementor-element-e3c84ac e-con-full e-flex e-con e-child\" data-id=\"e3c84ac\" data-element_type=\"container\">\n\t\t\t\t<div class=\"elementor-element elementor-element-212c74f elementor-widget elementor-widget-heading\" data-id=\"212c74f\" data-element_type=\"widget\" data-widget_type=\"heading.default\">\n\t\t\t\t<div class=\"elementor-widget-container\">\n\t\t\t\t\t<p class=\"elementor-heading-title elementor-size-default\">Kamerabevakning<\/p>\t\t\t\t<\/div>\n\t\t\t\t<\/div>\n\t\t\t\t<div class=\"elementor-element elementor-element-e674ee4 elementor-widget-divider--view-line elementor-widget elementor-widget-divider\" data-id=\"e674ee4\" data-element_type=\"widget\" data-widget_type=\"divider.default\">\n\t\t\t\t<div class=\"elementor-widget-container\">\n\t\t\t\t\t\t\t<div class=\"elementor-divider\">\n\t\t\t<span class=\"elementor-divider-separator\">\n\t\t\t\t\t\t<\/span>\n\t\t<\/div>\n\t\t\t\t\t\t<\/div>\n\t\t\t\t<\/div>\n\t\t\t\t<div class=\"elementor-element elementor-element-2b15126 elementor-widget elementor-widget-heading\" data-id=\"2b15126\" data-element_type=\"widget\" data-widget_type=\"heading.default\">\n\t\t\t\t<div class=\"elementor-widget-container\">\n\t\t\t\t\t<h3 class=\"elementor-heading-title elementor-size-default\">Interaktiv l\u00e4rarledd kurs i Kamerabevakning <\/h3>\t\t\t\t<\/div>\n\t\t\t\t<\/div>\n\t\t\t\t<div class=\"elementor-element elementor-element-9f50e0f elementor-widget elementor-widget-heading\" data-id=\"9f50e0f\" data-element_type=\"widget\" data-widget_type=\"heading.default\">\n\t\t\t\t<div class=\"elementor-widget-container\">\n\t\t\t\t\t<h6 class=\"elementor-heading-title elementor-size-default\">Beh\u00f6ver ni f\u00e5 koll p\u00e5 reglerna kring kamerabevakning?<\/h6>\t\t\t\t<\/div>\n\t\t\t\t<\/div>\n\t\t\t\t<div class=\"elementor-element elementor-element-3337675 elementor-widget elementor-widget-text-editor\" data-id=\"3337675\" data-element_type=\"widget\" data-widget_type=\"text-editor.default\">\n\t\t\t\t<div class=\"elementor-widget-container\">\n\t\t\t\t\t\t\t\t\t<p>V\u00e5r l\u00e4rarledda kurs i Kamerabevakning erbjuder en unik m\u00f6jlighet till djupg\u00e5ende l\u00e4rande genom aktiv dialog. H\u00e4r guidas du av v\u00e5ra experter genom r\u00e4ttsliga och etiska aspekter av kamerabevakning, med interaktiva diskussioner och m\u00f6jlighet att st\u00e4lla egna fr\u00e5gor. Genom praktiska exempel och \u00f6ppna samtal skapar vi en l\u00e4rmilj\u00f6 d\u00e4r din f\u00f6rst\u00e5else f\u00f6rdjupas och kan till\u00e4mpas p\u00e5 ett meningsfullt s\u00e4tt.<\/p><p>Bli en del av v\u00e5r dynamiska l\u00e4rarledda kurs i Kamerabevakning och utveckla din kompetens inom \u00f6vervakning med en stark grund i dialog och interaktivitet.<\/p>\t\t\t\t\t\t\t\t<\/div>\n\t\t\t\t<\/div>\n\t\t\t\t<\/div>\n\t\t<div class=\"elementor-element elementor-element-735aadb e-con-full e-flex e-con e-child\" data-id=\"735aadb\" data-element_type=\"container\">\n\t\t\t\t<div class=\"elementor-element elementor-element-af2393d elementor-widget elementor-widget-image\" data-id=\"af2393d\" data-element_type=\"widget\" data-widget_type=\"image.default\">\n\t\t\t\t<div class=\"elementor-widget-container\">\n\t\t\t\t\t\t\t\t\t\t\t\t\t\t\t<img decoding=\"async\" width=\"664\" height=\"516\" src=\"https:\/\/evertrust.se\/wp-content\/uploads\/2023\/06\/gap-analyser4.png\" class=\"attachment-large size-large wp-image-2865\" alt=\"\" \/>\t\t\t\t\t\t\t\t\t\t\t\t\t\t\t<\/div>\n\t\t\t\t<\/div>\n\t\t\t\t<\/div>\n\t\t\t\t\t<\/div>\n\t\t\t\t<\/div>\n\t\t\t\t<\/div>","protected":false},"excerpt":{"rendered":"<p>Utbildningar Dina medarbetare utg\u00f6r den st\u00f6rsta risken f\u00f6r din organisation, vilket g\u00f6r att utbildning av anst\u00e4llda \u00e4r en f\u00f6ruts\u00e4ttning f\u00f6r ett lyckat arbete. Evertrust tillhandah\u00e5ller l\u00e4rarledda utbildningar och e-utbildningar f\u00f6r att snabbt \u00f6ka kunskapen och f\u00f6rst\u00e5elsen av nya lagkraven och hur man ska f\u00f6rh\u00e5lla sig till dem p\u00e5 ett i praktiken genomf\u00f6rbart s\u00e4tt. Kontakta oss [&hellip;]<\/p>","protected":false},"author":2,"featured_media":0,"parent":0,"menu_order":0,"comment_status":"closed","ping_status":"closed","template":"elementor_header_footer","meta":{"content-type":"","site-sidebar-layout":"no-sidebar","site-content-layout":"page-builder","ast-site-content-layout":"","site-content-style":"default","site-sidebar-style":"default","ast-global-header-display":"","ast-banner-title-visibility":"","ast-main-header-display":"","ast-hfb-above-header-display":"","ast-hfb-below-header-display":"","ast-hfb-mobile-header-display":"","site-post-title":"disabled","ast-breadcrumbs-content":"","ast-featured-img":"disabled","footer-sml-layout":"","theme-transparent-header-meta":"","adv-header-id-meta":"","stick-header-meta":"","header-above-stick-meta":null,"header-main-stick-meta":"","header-below-stick-meta":null,"astra-migrate-meta-layouts":"default","ast-page-background-enabled":"default","ast-page-background-meta":{"desktop":{"background-color":"","background-image":"","background-repeat":"repeat","background-position":"center center","background-size":"auto","background-attachment":"scroll","background-type":"","background-media":"","overlay-type":"","overlay-color":"","overlay-opacity":"","overlay-gradient":""},"tablet":{"background-color":"","background-image":"","background-repeat":"repeat","background-position":"center center","background-size":"auto","background-attachment":"scroll","background-type":"","background-media":"","overlay-type":"","overlay-color":"","overlay-opacity":"","overlay-gradient":""},"mobile":{"background-color":"","background-image":"","background-repeat":"repeat","background-position":"center center","background-size":"auto","background-attachment":"scroll","background-type":"","background-media":"","overlay-type":"","overlay-color":"","overlay-opacity":"","overlay-gradient":""}},"ast-content-background-meta":{"desktop":{"background-color":"var(--ast-global-color-5)","background-image":"","background-repeat":"repeat","background-position":"center center","background-size":"auto","background-attachment":"scroll","background-type":"","background-media":"","overlay-type":"","overlay-color":"","overlay-opacity":"","overlay-gradient":""},"tablet":{"background-color":"var(--ast-global-color-5)","background-image":"","background-repeat":"repeat","background-position":"center center","background-size":"auto","background-attachment":"scroll","background-type":"","background-media":"","overlay-type":"","overlay-color":"","overlay-opacity":"","overlay-gradient":""},"mobile":{"background-color":"var(--ast-global-color-5)","background-image":"","background-repeat":"repeat","background-position":"center center","background-size":"auto","background-attachment":"scroll","background-type":"","background-media":"","overlay-type":"","overlay-color":"","overlay-opacity":"","overlay-gradient":""}},"footnotes":""},"class_list":["post-2875","page","type-page","status-publish","hentry"],"acf":[],"aioseo_notices":[],"_links":{"self":[{"href":"https:\/\/evertrust.se\/en\/wp-json\/wp\/v2\/pages\/2875","targetHints":{"allow":["GET"]}}],"collection":[{"href":"https:\/\/evertrust.se\/en\/wp-json\/wp\/v2\/pages"}],"about":[{"href":"https:\/\/evertrust.se\/en\/wp-json\/wp\/v2\/types\/page"}],"author":[{"embeddable":true,"href":"https:\/\/evertrust.se\/en\/wp-json\/wp\/v2\/users\/2"}],"replies":[{"embeddable":true,"href":"https:\/\/evertrust.se\/en\/wp-json\/wp\/v2\/comments?post=2875"}],"version-history":[{"count":4,"href":"https:\/\/evertrust.se\/en\/wp-json\/wp\/v2\/pages\/2875\/revisions"}],"predecessor-version":[{"id":8212,"href":"https:\/\/evertrust.se\/en\/wp-json\/wp\/v2\/pages\/2875\/revisions\/8212"}],"wp:attachment":[{"href":"https:\/\/evertrust.se\/en\/wp-json\/wp\/v2\/media?parent=2875"}],"curies":[{"name":"wp","href":"https:\/\/api.w.org\/{rel}","templated":true}]}}