{"id":5255,"date":"2023-09-22T10:03:02","date_gmt":"2023-09-22T08:03:02","guid":{"rendered":"https:\/\/evertruststg.digidog.org\/?page_id=5255"},"modified":"2023-11-03T17:55:54","modified_gmt":"2023-11-03T16:55:54","slug":"boka-mote-direkt","status":"publish","type":"page","link":"https:\/\/evertrust.se\/en\/boka-mote-direkt\/","title":{"rendered":"Boka m\u00f6te direkt"},"content":{"rendered":"<div data-elementor-type=\"wp-page\" data-elementor-id=\"5255\" class=\"elementor elementor-5255\" data-elementor-post-type=\"page\">\n\t\t\t\t<div class=\"elementor-element elementor-element-44d78c0 e-flex e-con-boxed e-con e-parent\" data-id=\"44d78c0\" data-element_type=\"container\">\n\t\t\t\t\t<div class=\"e-con-inner\">\n\t\t\t\t<div class=\"elementor-element elementor-element-e1456d0 elementor-widget elementor-widget-heading\" data-id=\"e1456d0\" data-element_type=\"widget\" data-widget_type=\"heading.default\">\n\t\t\t\t<div class=\"elementor-widget-container\">\n\t\t\t\t\t<h3 class=\"elementor-heading-title elementor-size-default\">Boka en demo med fredrik<\/h3>\t\t\t\t<\/div>\n\t\t\t\t<\/div>\n\t\t\t\t<div class=\"elementor-element elementor-element-17a368a elementor-widget elementor-widget-text-editor\" data-id=\"17a368a\" data-element_type=\"widget\" data-widget_type=\"text-editor.default\">\n\t\t\t\t<div class=\"elementor-widget-container\">\n\t\t\t\t\t\t\t\t\t<p><span style=\"font-size: 14px; font-style: normal; font-weight: 500;\">Vi tror p\u00e5 det personliga m\u00f6tet! Boka in ett samtal f\u00f6r att se om v\u00e5r l\u00f6sning \u00e4r r\u00e4tt f\u00f6r dig och f\u00e5 en sneak-peak p\u00e5 complianceplattformen Trustview &#8211; uppstickaren p\u00e5 marknaden f\u00f6r ditt GDPR-arbete.&nbsp;<\/span><\/p>\t\t\t\t\t\t\t\t<\/div>\n\t\t\t\t<\/div>\n\t\t<div class=\"elementor-element elementor-element-36953c1 e-flex e-con-boxed e-con e-child\" data-id=\"36953c1\" data-element_type=\"container\" data-settings=\"{&quot;background_background&quot;:&quot;classic&quot;}\">\n\t\t\t\t\t<div class=\"e-con-inner\">\n\t\t<div class=\"elementor-element elementor-element-e17db59 e-con-full e-flex e-con e-child\" data-id=\"e17db59\" data-element_type=\"container\">\n\t\t\t\t<div class=\"elementor-element elementor-element-d40d3e0 animated-slow elementor-invisible elementor-widget elementor-widget-heading\" data-id=\"d40d3e0\" data-element_type=\"widget\" data-settings=\"{&quot;_animation&quot;:&quot;fadeIn&quot;}\" data-widget_type=\"heading.default\">\n\t\t\t\t<div class=\"elementor-widget-container\">\n\t\t\t\t\t<h2 class=\"elementor-heading-title elementor-size-default\">H\u00e4r \u00e4r Fredrik! <\/h2>\t\t\t\t<\/div>\n\t\t\t\t<\/div>\n\t\t\t\t<div class=\"elementor-element elementor-element-0e99887 animated-slow elementor-invisible elementor-widget elementor-widget-heading\" data-id=\"0e99887\" data-element_type=\"widget\" data-settings=\"{&quot;_animation&quot;:&quot;fadeIn&quot;}\" data-widget_type=\"heading.default\">\n\t\t\t\t<div class=\"elementor-widget-container\">\n\t\t\t\t\t<h6 class=\"elementor-heading-title elementor-size-default\">Jag brinner f\u00f6r att hitta den b\u00e4sta l\u00f6sningen f\u00f6r dina behov oavsett om du \u00e4r ute efter vassa konsulter eller ett grymt systemst\u00f6d f\u00f6r ditt compliancearbete.<br><br>Att vi kombinerar knivskarpa jurister och informationss\u00e4kerhetsspecialister \u00e4r hemligheten till varf\u00f6r vi kan bygga anv\u00e4ndarv\u00e4nliga och enkla systemst\u00f6d. <br><br>Vill du veta mer? Boka ett kort m\u00f6te nedan!<\/h6>\t\t\t\t<\/div>\n\t\t\t\t<\/div>\n\t\t\t\t<\/div>\n\t\t<div class=\"elementor-element elementor-element-a807c59 e-con-full e-flex elementor-invisible e-con e-child\" data-id=\"a807c59\" data-element_type=\"container\" data-settings=\"{&quot;background_background&quot;:&quot;classic&quot;,&quot;animation&quot;:&quot;fadeIn&quot;}\">\n\t\t\t\t<div class=\"elementor-element elementor-element-d92f243 animated-slow elementor-invisible elementor-widget elementor-widget-image\" data-id=\"d92f243\" data-element_type=\"widget\" data-settings=\"{&quot;_animation&quot;:&quot;fadeIn&quot;}\" data-widget_type=\"image.default\">\n\t\t\t\t<div class=\"elementor-widget-container\">\n\t\t\t\t\t\t\t\t\t\t\t\t\t\t\t<img fetchpriority=\"high\" decoding=\"async\" width=\"426\" height=\"331\" src=\"https:\/\/evertrust.se\/wp-content\/uploads\/2023\/09\/Fredrik-H2.jpg\" class=\"attachment-large size-large wp-image-5263\" alt=\"\" srcset=\"https:\/\/evertrust.se\/wp-content\/uploads\/2023\/09\/Fredrik-H2.jpg 426w, https:\/\/evertrust.se\/wp-content\/uploads\/2023\/09\/Fredrik-H2-15x12.jpg 15w\" sizes=\"(max-width: 426px) 100vw, 426px\" \/>\t\t\t\t\t\t\t\t\t\t\t\t\t\t\t<\/div>\n\t\t\t\t<\/div>\n\t\t\t\t<\/div>\n\t\t\t\t\t<\/div>\n\t\t\t\t<\/div>\n\t\t\t\t<div class=\"elementor-element elementor-element-5901220 elementor-widget elementor-widget-shortcode\" data-id=\"5901220\" data-element_type=\"widget\" data-widget_type=\"shortcode.default\">\n\t\t\t\t<div class=\"elementor-widget-container\">\n\t\t\t\t\t\t\t<div class=\"elementor-shortcode\"><!-- Calendly inline widget begin -->\n<div class=\"calendly-inline-widget\" data-url=\"https:\/\/calendly.com\/fredrik-evertrust\/30min\" style=\"min-width:320px;height:700px;\"><\/div>\n<script type=\"text\/javascript\" src=\"https:\/\/assets.calendly.com\/assets\/external\/widget.js\" async><\/script>\n<!-- Calendly inline widget end -->\n<\/div>\n\t\t\t\t\t\t<\/div>\n\t\t\t\t<\/div>\n\t\t\t\t\t<\/div>\n\t\t\t\t<\/div>\n\t\t\t\t<\/div>","protected":false},"excerpt":{"rendered":"<p>Boka en demo med fredrik Vi tror p\u00e5 det personliga m\u00f6tet! Boka in ett samtal f\u00f6r att se om v\u00e5r l\u00f6sning \u00e4r r\u00e4tt f\u00f6r dig och f\u00e5 en sneak-peak p\u00e5 complianceplattformen Trustview &#8211; uppstickaren p\u00e5 marknaden f\u00f6r ditt GDPR-arbete.&nbsp; H\u00e4r \u00e4r Fredrik! Jag brinner f\u00f6r att hitta den b\u00e4sta l\u00f6sningen f\u00f6r dina behov oavsett om [&hellip;]<\/p>","protected":false},"author":2,"featured_media":0,"parent":0,"menu_order":0,"comment_status":"closed","ping_status":"closed","template":"","meta":{"content-type":"","site-sidebar-layout":"no-sidebar","site-content-layout":"page-builder","ast-site-content-layout":"","site-content-style":"default","site-sidebar-style":"default","ast-global-header-display":"","ast-banner-title-visibility":"","ast-main-header-display":"","ast-hfb-above-header-display":"","ast-hfb-below-header-display":"","ast-hfb-mobile-header-display":"","site-post-title":"disabled","ast-breadcrumbs-content":"","ast-featured-img":"disabled","footer-sml-layout":"","theme-transparent-header-meta":"","adv-header-id-meta":"","stick-header-meta":"","header-above-stick-meta":null,"header-main-stick-meta":"","header-below-stick-meta":null,"astra-migrate-meta-layouts":"default","ast-page-background-enabled":"default","ast-page-background-meta":{"desktop":{"background-color":"","background-image":"","background-repeat":"repeat","background-position":"center center","background-size":"auto","background-attachment":"scroll","background-type":"","background-media":"","overlay-type":"","overlay-color":"","overlay-opacity":"","overlay-gradient":""},"tablet":{"background-color":"","background-image":"","background-repeat":"repeat","background-position":"center center","background-size":"auto","background-attachment":"scroll","background-type":"","background-media":"","overlay-type":"","overlay-color":"","overlay-opacity":"","overlay-gradient":""},"mobile":{"background-color":"","background-image":"","background-repeat":"repeat","background-position":"center center","background-size":"auto","background-attachment":"scroll","background-type":"","background-media":"","overlay-type":"","overlay-color":"","overlay-opacity":"","overlay-gradient":""}},"ast-content-background-meta":{"desktop":{"background-color":"var(--ast-global-color-5)","background-image":"","background-repeat":"repeat","background-position":"center center","background-size":"auto","background-attachment":"scroll","background-type":"","background-media":"","overlay-type":"","overlay-color":"","overlay-opacity":"","overlay-gradient":""},"tablet":{"background-color":"var(--ast-global-color-5)","background-image":"","background-repeat":"repeat","background-position":"center center","background-size":"auto","background-attachment":"scroll","background-type":"","background-media":"","overlay-type":"","overlay-color":"","overlay-opacity":"","overlay-gradient":""},"mobile":{"background-color":"var(--ast-global-color-5)","background-image":"","background-repeat":"repeat","background-position":"center center","background-size":"auto","background-attachment":"scroll","background-type":"","background-media":"","overlay-type":"","overlay-color":"","overlay-opacity":"","overlay-gradient":""}},"footnotes":""},"class_list":["post-5255","page","type-page","status-publish","hentry"],"acf":[],"aioseo_notices":[],"_links":{"self":[{"href":"https:\/\/evertrust.se\/en\/wp-json\/wp\/v2\/pages\/5255","targetHints":{"allow":["GET"]}}],"collection":[{"href":"https:\/\/evertrust.se\/en\/wp-json\/wp\/v2\/pages"}],"about":[{"href":"https:\/\/evertrust.se\/en\/wp-json\/wp\/v2\/types\/page"}],"author":[{"embeddable":true,"href":"https:\/\/evertrust.se\/en\/wp-json\/wp\/v2\/users\/2"}],"replies":[{"embeddable":true,"href":"https:\/\/evertrust.se\/en\/wp-json\/wp\/v2\/comments?post=5255"}],"version-history":[{"count":0,"href":"https:\/\/evertrust.se\/en\/wp-json\/wp\/v2\/pages\/5255\/revisions"}],"wp:attachment":[{"href":"https:\/\/evertrust.se\/en\/wp-json\/wp\/v2\/media?parent=5255"}],"curies":[{"name":"wp","href":"https:\/\/api.w.org\/{rel}","templated":true}]}}